{"id":22,"date":"2022-06-09T11:00:40","date_gmt":"2022-06-09T09:00:40","guid":{"rendered":"http:\/\/wordpress\/?page_id=22"},"modified":"2024-01-27T16:10:48","modified_gmt":"2024-01-27T15:10:48","slug":"unsere-hochzeit","status":"publish","type":"page","link":"https:\/\/dieviereisenberger.duckdns.org\/?page_id=22","title":{"rendered":"Unsere Hochzeit"},"content":{"rendered":"\n<hr class=\"wp-block-separator has-alpha-channel-opacity\"\/>\n\n\n\n<div class=\"wp-block-group\"><div class=\"wp-block-group__inner-container is-layout-flow wp-block-group-is-layout-flow\">\n<p class=\"has-text-align-center\" style=\"text-transform:uppercase\"><strong><em>Am 16.06.2022 war es nun endlich soweit. Nach 20 Jahren &#8222;Probezeit&#8220; haben wir unsere Beziehung auf das n\u00e4chste Level gehoben. Mit Familie und Freunden haben wir zusammen diesen f\u00fcr uns so wertvollen Tag gefeiert.<\/em><\/strong><\/p>\n\n\n\n<hr class=\"wp-block-separator has-alpha-channel-opacity\"\/>\n\n\n\n<blockquote class=\"wp-block-quote has-text-align-center has-medium-font-size is-layout-flow wp-block-quote-is-layout-flow\" style=\"text-transform:uppercase\">\n<p><strong>&#8222;Eine Hochzeitsreise ohne euch &#8211; sicherlich. Eine Hochzeitsfeier ohne euch &#8211; undenkbar!!!&#8220;<\/strong><\/p>\n<cite>-unbekannt-<\/cite><\/blockquote>\n\n\n\n<hr class=\"wp-block-separator has-alpha-channel-opacity\"\/>\n\n\n\n<p class=\"has-text-align-center\" style=\"text-transform:uppercase\"><strong><em>Gro\u00dfen Dank m\u00f6chten wir noch einmal dem gesamten Organisationsteam aussprechen, welches uns vieles in der Planung und Durchf\u00fchrung unseren gro\u00dfen Tages abgenommen haben. Ohne euch w\u00e4re es auf jeden Fall anstrengender und stressiger geworden.<\/em><\/strong><\/p>\n\n\n\n<p class=\"has-text-align-center\" style=\"text-transform:uppercase\"><strong>Vielen Dank an die Gl\u00fcckw\u00fcnsche und Geschenke, egal in welcher Form.<\/strong><\/p>\n<\/div><\/div>\n\n\n\n<div style=\"height:30px\" aria-hidden=\"true\" class=\"wp-block-spacer\"><\/div>\n\n\n\n<hr class=\"wp-block-separator has-alpha-channel-opacity\"\/>\n\n\n\n<div class=\"wp-block-buttons is-horizontal is-content-justification-center is-layout-flex wp-container-core-buttons-is-layout-499968f5 wp-block-buttons-is-layout-flex\"><\/div>\n\n\n\n<div style=\"height:30px\" aria-hidden=\"true\" class=\"wp-block-spacer\"><\/div>\n\n\n\n<h2 class=\"wp-block-heading\">Die Trauung<\/h2>\n\n\n\nngg_shortcode_0_placeholder\n\n\n\n<div class=\"wp-block-buttons is-content-justification-center is-layout-flex wp-container-core-buttons-is-layout-16018d1d wp-block-buttons-is-layout-flex\">\n<div class=\"wp-block-button\"><a class=\"wp-block-button__link wp-element-button\" href=\"https:\/\/dieviereisenberger.duckdns.org\/?page_id=1058\">Galerie<\/a><\/div>\n<\/div>\n\n\n\n<div style=\"height:30px\" aria-hidden=\"true\" class=\"wp-block-spacer\"><\/div>\n\n\n\n<h2 class=\"wp-block-heading\">Das Brautpaar (Fotoshooting)<\/h2>\n\n\n\nngg_shortcode_1_placeholder\n\n\n\n<div class=\"wp-block-buttons is-content-justification-center is-layout-flex wp-container-core-buttons-is-layout-16018d1d wp-block-buttons-is-layout-flex\">\n<div class=\"wp-block-button\"><a class=\"wp-block-button__link wp-element-button\" href=\"https:\/\/dieviereisenberger.duckdns.org\/?page_id=1061\">Galerie<\/a><\/div>\n<\/div>\n\n\n\n<div style=\"height:30px\" aria-hidden=\"true\" class=\"wp-block-spacer\"><\/div>\n\n\n\n<h2 class=\"wp-block-heading\">Gruppenfotos<\/h2>\n\n\n\nngg_shortcode_2_placeholder\n\n\n\n<div class=\"wp-block-buttons is-content-justification-center is-layout-flex wp-container-core-buttons-is-layout-16018d1d wp-block-buttons-is-layout-flex\">\n<div class=\"wp-block-button\"><a class=\"wp-block-button__link wp-element-button\" href=\"https:\/\/dieviereisenberger.duckdns.org\/?page_id=1065\">Galerie<\/a><\/div>\n<\/div>\n\n\n\n<div style=\"height:30px\" aria-hidden=\"true\" class=\"wp-block-spacer\"><\/div>\n\n\n\n<h2 class=\"wp-block-heading\">Der Abend<\/h2>\n\n\n\nngg_shortcode_3_placeholder\n\n\n\n<div class=\"wp-block-buttons is-content-justification-center is-layout-flex wp-container-core-buttons-is-layout-16018d1d wp-block-buttons-is-layout-flex\">\n<div class=\"wp-block-button\"><a class=\"wp-block-button__link wp-element-button\" href=\"https:\/\/dieviereisenberger.duckdns.org\/?page_id=1080\">Galerie<\/a><\/div>\n<\/div>\n\n\n\n<div style=\"height:30px\" aria-hidden=\"true\" class=\"wp-block-spacer\"><\/div>\n\n\n\n<h2 class=\"wp-block-heading\">Die \u00dcberraschung<\/h2>\n\n\n\nngg_shortcode_4_placeholder\n\n\n\n<div class=\"wp-block-buttons is-content-justification-center is-layout-flex wp-container-core-buttons-is-layout-16018d1d wp-block-buttons-is-layout-flex\">\n<div class=\"wp-block-button\"><a class=\"wp-block-button__link wp-element-button\" href=\"https:\/\/dieviereisenberger.duckdns.org\/?page_id=1083\">Galerie<\/a><\/div>\n<\/div>\n\n\n\n<div class=\"wp-block-columns is-layout-flex wp-container-core-columns-is-layout-9d6595d7 wp-block-columns-is-layout-flex\">\n<div class=\"wp-block-column is-layout-flow wp-block-column-is-layout-flow\" style=\"flex-basis:100%\"><\/div>\n<\/div>\n","protected":false},"excerpt":{"rendered":"<p>Am 16.06.2022 war es nun endlich soweit. Nach 20 Jahren &#8222;Probezeit&#8220; haben wir unsere Beziehung auf das n\u00e4chste Level gehoben. Mit Familie und Freunden haben wir zusammen diesen f\u00fcr uns so wertvollen Tag gefeiert. &#8222;Eine Hochzeitsreise ohne euch &#8211; sicherlich. Eine Hochzeitsfeier ohne euch &#8211; undenkbar!!!&#8220; Gro\u00dfen Dank m\u00f6chten wir&hellip; <\/p>\n","protected":false},"author":1,"featured_media":894,"parent":0,"menu_order":2,"comment_status":"open","ping_status":"closed","template":"page-templates\/gallery-template.php","meta":{"ngg_post_thumbnail":0,"footnotes":""},"class_list":["post-22","page","type-page","status-publish","has-post-thumbnail","hentry"],"_links":{"self":[{"href":"https:\/\/dieviereisenberger.duckdns.org\/index.php?rest_route=\/wp\/v2\/pages\/22","targetHints":{"allow":["GET"]}}],"collection":[{"href":"https:\/\/dieviereisenberger.duckdns.org\/index.php?rest_route=\/wp\/v2\/pages"}],"about":[{"href":"https:\/\/dieviereisenberger.duckdns.org\/index.php?rest_route=\/wp\/v2\/types\/page"}],"author":[{"embeddable":true,"href":"https:\/\/dieviereisenberger.duckdns.org\/index.php?rest_route=\/wp\/v2\/users\/1"}],"replies":[{"embeddable":true,"href":"https:\/\/dieviereisenberger.duckdns.org\/index.php?rest_route=%2Fwp%2Fv2%2Fcomments&post=22"}],"version-history":[{"count":0,"href":"https:\/\/dieviereisenberger.duckdns.org\/index.php?rest_route=\/wp\/v2\/pages\/22\/revisions"}],"wp:featuredmedia":[{"embeddable":true,"href":"https:\/\/dieviereisenberger.duckdns.org\/index.php?rest_route=\/wp\/v2\/media\/894"}],"wp:attachment":[{"href":"https:\/\/dieviereisenberger.duckdns.org\/index.php?rest_route=%2Fwp%2Fv2%2Fmedia&parent=22"}],"curies":[{"name":"wp","href":"https:\/\/api.w.org\/{rel}","templated":true}]}}