{"id":1453,"date":"2022-10-03T15:05:06","date_gmt":"2022-10-03T13:05:06","guid":{"rendered":"https:\/\/dieviereisenberger.ddns.net\/?page_id=1453"},"modified":"2023-05-31T00:59:53","modified_gmt":"2023-05-30T22:59:53","slug":"wertvolle-seiten-it-tipps","status":"publish","type":"page","link":"https:\/\/dieviereisenberger.duckdns.org\/?page_id=1453","title":{"rendered":"Wertvolle Seiten &#038; IT-Tipps"},"content":{"rendered":"<ul class=\"wp-block-latest-posts__list is-grid columns-3 has-dates aligncenter wp-block-latest-posts has-small-font-size\"><li><div class=\"wp-block-latest-posts__featured-image alignleft\"><img loading=\"lazy\" decoding=\"async\" width=\"150\" height=\"150\" src=\"https:\/\/dieviereisenberger.duckdns.org\/wp-content\/uploads\/Google-Earth-Studio-150x150.jpg\" class=\"attachment-thumbnail size-thumbnail wp-post-image\" alt=\"\" style=\"max-width:75px;max-height:75px;\" srcset=\"https:\/\/dieviereisenberger.duckdns.org\/wp-content\/uploads\/Google-Earth-Studio-150x150.jpg 150w, https:\/\/dieviereisenberger.duckdns.org\/wp-content\/uploads\/Google-Earth-Studio.jpg 225w\" sizes=\"auto, (max-width: 150px) 100vw, 150px\" \/><\/div><a class=\"wp-block-latest-posts__post-title\" href=\"https:\/\/dieviereisenberger.duckdns.org\/?p=2618\">Webseite &#8222;Google Earth Studio&#8220;<\/a><time datetime=\"2024-11-28T11:31:06+01:00\" class=\"wp-block-latest-posts__post-date\">28.11.2024<\/time><div class=\"wp-block-latest-posts__post-excerpt\">Wer einen virtuellen Rundflug \u00fcber einen Ort machen m\u00f6chte, kann dies mit Goole Earth Studio machen. Keine Drohen oder anderes teures Equipment.<\/div><\/li>\n<li><a class=\"wp-block-latest-posts__post-title\" href=\"https:\/\/dieviereisenberger.duckdns.org\/?p=2563\">Webseite &#8222;ifixit&#8220;<\/a><time datetime=\"2024-06-02T11:57:01+02:00\" class=\"wp-block-latest-posts__post-date\">2.06.2024<\/time><div class=\"wp-block-latest-posts__post-excerpt\">Wer repariert nicht gern seine Sachen und\/oder will Geld damit sparen. Die Webseite &#8222;ifixit&#8220; ist der richtige Anlaufpunkt, um passendes Werkzeug, Anleitungen oder eine Community zur finden, die einem dabei&hellip; <\/div><\/li>\n<li><a class=\"wp-block-latest-posts__post-title\" href=\"https:\/\/dieviereisenberger.duckdns.org\/?p=2559\">Webseite &#8222;tingiverse&#8220; &amp; &#8222;printables&#8220;<\/a><time datetime=\"2024-05-14T13:13:34+02:00\" class=\"wp-block-latest-posts__post-date\">14.05.2024<\/time><div class=\"wp-block-latest-posts__post-excerpt\">Falls ihre euch f\u00fcr 3D Drucke interessiert und selbst einen habt w\u00e4re die Seite https:\/\/www.thingiverse.com etwas f\u00fcr euch. Hier werden kostenlos Vorlagen f\u00fcr diverse 3D-Drucker angeboten. Alternativ bietet die Webseite&hellip; <\/div><\/li>\n<li><div class=\"wp-block-latest-posts__featured-image alignleft\"><img loading=\"lazy\" decoding=\"async\" width=\"122\" height=\"81\" src=\"https:\/\/dieviereisenberger.duckdns.org\/wp-content\/uploads\/Logo_12ft-1.jpg\" class=\"attachment-thumbnail size-thumbnail wp-post-image\" alt=\"\" style=\"max-width:75px;max-height:75px;\" \/><\/div><a class=\"wp-block-latest-posts__post-title\" href=\"https:\/\/dieviereisenberger.duckdns.org\/?p=2312\">Webseite &#8222;12ft.io&#8220;<\/a><time datetime=\"2023-08-03T15:14:41+02:00\" class=\"wp-block-latest-posts__post-date\">3.08.2023<\/time><div class=\"wp-block-latest-posts__post-excerpt\">Manche Inhalte von Webseiten werden nur als Abonement angezeigt? Du willst aber kein Geld ausgeben um &#8222;einen&#8220; Artikel zu lesen. Hier kann dir die Webseite 12ft.io aushelfen. Einfach die Webadresse&hellip; <\/div><\/li>\n<li><div class=\"wp-block-latest-posts__featured-image alignleft\"><img loading=\"lazy\" decoding=\"async\" width=\"126\" height=\"150\" src=\"https:\/\/dieviereisenberger.duckdns.org\/wp-content\/uploads\/1808px-Wappen_Saale-Holzland-Kreis.svg_.gif\" class=\"attachment-thumbnail size-thumbnail wp-post-image\" alt=\"\" style=\"max-width:75px;max-height:75px;\" \/><\/div><a class=\"wp-block-latest-posts__post-title\" href=\"https:\/\/dieviereisenberger.duckdns.org\/?p=2295\">Streaming-App lokale Fussballvereine<\/a><time datetime=\"2023-07-11T16:37:00+02:00\" class=\"wp-block-latest-posts__post-date\">11.07.2023<\/time><div class=\"wp-block-latest-posts__post-excerpt\">Ich plane bereits seit l\u00e4ngerem, ein Aufnahmeger\u00e4t f\u00fcr lokale Fussballspiele unter Ma\u00dfgabe Open-Source Programmen zu bauen. Aktuell l\u00e4uft noch die Testphase der Software der Konstruktion einer passenden &#8222;H\u00fclle&#8220;. Sobald dieses&hellip; <\/div><\/li>\n<li><div class=\"wp-block-latest-posts__featured-image alignleft\"><img loading=\"lazy\" decoding=\"async\" width=\"150\" height=\"50\" src=\"https:\/\/dieviereisenberger.duckdns.org\/wp-content\/uploads\/Logo_mirepo.jpg\" class=\"attachment-thumbnail size-thumbnail wp-post-image\" alt=\"\" style=\"max-width:75px;max-height:75px;\" \/><\/div><a class=\"wp-block-latest-posts__post-title\" href=\"https:\/\/dieviereisenberger.duckdns.org\/?p=2188\">Anbieter &#8222;Smartphonereparatur&#8220;<\/a><time datetime=\"2023-06-22T19:47:00+02:00\" class=\"wp-block-latest-posts__post-date\">22.06.2023<\/time><div class=\"wp-block-latest-posts__post-excerpt\">Spider-App, Akku st\u00e4ndig leer oder andere Probleme mit eurem geliebten &#8222;Sch\u00e4tzchen&#8220;? MIREPO bietet eine L\u00f6sung f\u00fcr fast alle Ger\u00e4te und Probleme. Handyreparatur im Raum EIS, SHK und weiter. Bevor ihr&hellip; <\/div><\/li>\n<li><div class=\"wp-block-latest-posts__featured-image alignleft\"><img loading=\"lazy\" decoding=\"async\" width=\"66\" height=\"69\" src=\"https:\/\/dieviereisenberger.duckdns.org\/wp-content\/uploads\/sgr.jpg\" class=\"attachment-thumbnail size-thumbnail wp-post-image\" alt=\"\" style=\"max-width:75px;max-height:75px;\" \/><\/div><a class=\"wp-block-latest-posts__post-title\" href=\"https:\/\/dieviereisenberger.duckdns.org\/?p=1827\">Firmen-App Silbitz Gruppe<\/a><time datetime=\"2023-06-17T18:34:25+02:00\" class=\"wp-block-latest-posts__post-date\">17.06.2023<\/time><div class=\"wp-block-latest-posts__post-excerpt\">F\u00fcr die (Ex-)Mitarbeiter der Silbitz Gruppe habe ich angefangen, eine Firmen-App zu bauen. Hier m\u00f6chte ich nun ein paar Einblicke in den aktuellen Bearbeitungsstand geben. Alle Inhalte \/ Medien sind&hellip; <\/div><\/li>\n<li><div class=\"wp-block-latest-posts__featured-image alignleft\"><img loading=\"lazy\" decoding=\"async\" width=\"150\" height=\"150\" src=\"https:\/\/dieviereisenberger.duckdns.org\/wp-content\/uploads\/2022\/04\/cropped-Wappen-Eberlein-150x150.jpg\" class=\"attachment-thumbnail size-thumbnail wp-post-image\" alt=\"\" style=\"max-width:75px;max-height:75px;\" \/><\/div><a class=\"wp-block-latest-posts__post-title\" href=\"https:\/\/dieviereisenberger.duckdns.org\/?p=1730\">IT-Service auf dem Smartphone<\/a><time datetime=\"2023-06-16T23:24:00+02:00\" class=\"wp-block-latest-posts__post-date\">16.06.2023<\/time><div class=\"wp-block-latest-posts__post-excerpt\">Ich habe mich mal etwas in App-Programmierung versucht und hier ist das Resultat &#8211; Eine App f\u00fcr meinen IT-Service auf dem Android. Anfragen von \u00fcberall mit dem Smartphone senden &#8211;&hellip; <\/div><\/li>\n<li><div class=\"wp-block-latest-posts__featured-image alignleft\"><img loading=\"lazy\" decoding=\"async\" width=\"150\" height=\"61\" src=\"https:\/\/dieviereisenberger.duckdns.org\/wp-content\/uploads\/moosoft.png\" class=\"attachment-thumbnail size-thumbnail wp-post-image\" alt=\"\" style=\"max-width:75px;max-height:75px;\" \/><\/div><a class=\"wp-block-latest-posts__post-title\" href=\"https:\/\/dieviereisenberger.duckdns.org\/?p=1794\">Webseite &#8222;moosoft&#8220;<\/a><time datetime=\"2023-05-30T21:12:27+02:00\" class=\"wp-block-latest-posts__post-date\">30.05.2023<\/time><div class=\"wp-block-latest-posts__post-excerpt\">Eine Webseite die alle m\u00f6glichen Software zum freien Download anbietet? Moosoft bietet das an. (Angeblich) sind alle, f\u00fcr die Betriebssysteme (Windows, Android, Mac &amp; Linux) zur Verf\u00fcgung stehenden Programme, hier&hellip; <\/div><\/li>\n<li><div class=\"wp-block-latest-posts__featured-image alignleft\"><img loading=\"lazy\" decoding=\"async\" width=\"150\" height=\"150\" src=\"https:\/\/dieviereisenberger.duckdns.org\/wp-content\/uploads\/Upscal.png\" class=\"attachment-thumbnail size-thumbnail wp-post-image\" alt=\"\" style=\"max-width:75px;max-height:75px;\" \/><\/div><a class=\"wp-block-latest-posts__post-title\" href=\"https:\/\/dieviereisenberger.duckdns.org\/?p=1788\">Bildbearbeitungsprogramm &#8222;Upscayl&#8220;<\/a><time datetime=\"2023-05-23T11:08:18+02:00\" class=\"wp-block-latest-posts__post-date\">23.05.2023<\/time><div class=\"wp-block-latest-posts__post-excerpt\">(Alte) Fotos aufarbeiten oder gar die Gr\u00f6\u00dfe \u00e4ndern, ohne Qualit\u00e4tsverlust bzw. mit Qualit\u00e4tsverbesserung? Mit dem kostenlosen Programm Upscayl (f\u00fcr alle g\u00e4ngigen Betriebssysteme) m\u00f6glich.<\/div><\/li>\n<li><div class=\"wp-block-latest-posts__featured-image alignleft\"><img loading=\"lazy\" decoding=\"async\" width=\"150\" height=\"84\" src=\"https:\/\/dieviereisenberger.duckdns.org\/wp-content\/uploads\/App-Inventor.jpg\" class=\"attachment-thumbnail size-thumbnail wp-post-image\" alt=\"\" style=\"max-width:75px;max-height:75px;\" \/><\/div><a class=\"wp-block-latest-posts__post-title\" href=\"https:\/\/dieviereisenberger.duckdns.org\/?p=1617\">Webseite &#8222;appinventor&#8220;<\/a><time datetime=\"2023-02-24T15:04:29+01:00\" class=\"wp-block-latest-posts__post-date\">24.02.2023<\/time><div class=\"wp-block-latest-posts__post-excerpt\">Eine Webseite, zum Android-App-Programmieren in einfacher Baustein-Art? Die Seite Appinventor bietet das. Hier kann man seine eigene App zusammenbauen und mit entsprechenden Emulationsprogrammen testen. Am Ende gibt es sogar die&hellip; <\/div><\/li>\n<li><div class=\"wp-block-latest-posts__featured-image alignleft\"><img loading=\"lazy\" decoding=\"async\" width=\"150\" height=\"32\" src=\"https:\/\/dieviereisenberger.duckdns.org\/wp-content\/uploads\/GARDENA_Logo_trademark.png\" class=\"attachment-thumbnail size-thumbnail wp-post-image\" alt=\"\" style=\"max-width:75px;max-height:75px;\" \/><\/div><a class=\"wp-block-latest-posts__post-title\" href=\"https:\/\/dieviereisenberger.duckdns.org\/?p=1591\">Webseite &#8222;My-Garden.Gardena&#8220;<\/a><time datetime=\"2022-12-24T10:11:09+01:00\" class=\"wp-block-latest-posts__post-date\">24.12.2022<\/time><div class=\"wp-block-latest-posts__post-excerpt\">Wer seinen Garten einmal digital gestalten m\u00f6chte, kann dies auf der Webseite von Gardena tun. Hier kannst man seinen kompletten Garten in der in der &#8222;Draufsicht&#8220; mit Pflanzen, H\u00fctten und&hellip; <\/div><\/li>\n<li><div class=\"wp-block-latest-posts__featured-image alignleft\"><img loading=\"lazy\" decoding=\"async\" width=\"150\" height=\"83\" src=\"https:\/\/dieviereisenberger.duckdns.org\/wp-content\/uploads\/unscreen.png\" class=\"attachment-thumbnail size-thumbnail wp-post-image\" alt=\"\" style=\"max-width:75px;max-height:75px;\" \/><\/div><a class=\"wp-block-latest-posts__post-title\" href=\"https:\/\/dieviereisenberger.duckdns.org\/?p=1588\">Webseite &#8222;unscreen&#8220;<\/a><time datetime=\"2022-12-23T16:50:14+01:00\" class=\"wp-block-latest-posts__post-date\">23.12.2022<\/time><div class=\"wp-block-latest-posts__post-excerpt\">Eine Webseite, die dir kostenlos Videos den Hintergrund entfernen l\u00e4sst? Auf www.unscreen.com ist das f\u00fcr 5-Sekunden-Clips m\u00f6glich. Einfach Video hochladen, und der Hintergrund wird entfernt und kann durch andere Hintergr\u00fcnde&hellip; <\/div><\/li>\n<li><div class=\"wp-block-latest-posts__featured-image alignleft\"><img loading=\"lazy\" decoding=\"async\" width=\"150\" height=\"150\" src=\"https:\/\/dieviereisenberger.duckdns.org\/wp-content\/uploads\/Office.jpg\" class=\"attachment-thumbnail size-thumbnail wp-post-image\" alt=\"\" style=\"max-width:75px;max-height:75px;\" \/><\/div><a class=\"wp-block-latest-posts__post-title\" href=\"https:\/\/dieviereisenberger.duckdns.org\/?p=1582\">Office kostenlos nutzen<\/a><time datetime=\"2022-12-22T14:40:39+01:00\" class=\"wp-block-latest-posts__post-date\">22.12.2022<\/time><div class=\"wp-block-latest-posts__post-excerpt\">Achtung: NICHT SELBST GETESTET!!! Mit der Tastenkombination &#8222;Strg+Schift+Win+Alt&#8220; soll man Microsoft Office kostenlos nutzen d\u00fcrfen. Sollte jemand Erfahrungen mit diesem Tipp gemacht haben, gern in den Kommentaren mitteilen.<\/div><\/li>\n<li><div class=\"wp-block-latest-posts__featured-image alignleft\"><img loading=\"lazy\" decoding=\"async\" width=\"150\" height=\"85\" src=\"https:\/\/dieviereisenberger.duckdns.org\/wp-content\/uploads\/Panzoid.jpg\" class=\"attachment-thumbnail size-thumbnail wp-post-image\" alt=\"\" style=\"max-width:75px;max-height:75px;\" \/><\/div><a class=\"wp-block-latest-posts__post-title\" href=\"https:\/\/dieviereisenberger.duckdns.org\/?p=1578\">Webseite &#8222;Panzoid&#8220;<\/a><time datetime=\"2022-12-22T14:34:12+01:00\" class=\"wp-block-latest-posts__post-date\">22.12.2022<\/time><div class=\"wp-block-latest-posts__post-excerpt\">Wer eine Webseite zum Erstellen von Video-Intros, Videobearbeitung oder Hintergr\u00fcnden sucht, ist auf https:\/\/panzoid.com genau richtig. Hier kann man in der Free-Version vorgefertigte Templates f\u00fcr seine Bedr\u00fcfnisse schnell und unkompliziert&hellip; <\/div><\/li>\n<li><div class=\"wp-block-latest-posts__featured-image alignleft\"><img loading=\"lazy\" decoding=\"async\" width=\"150\" height=\"150\" src=\"https:\/\/dieviereisenberger.duckdns.org\/wp-content\/uploads\/remove-bg.jpg\" class=\"attachment-thumbnail size-thumbnail wp-post-image\" alt=\"\" style=\"max-width:75px;max-height:75px;\" \/><\/div><a class=\"wp-block-latest-posts__post-title\" href=\"https:\/\/dieviereisenberger.duckdns.org\/?p=1503\">Webseite &#8222;remove bg&#8220;<\/a><time datetime=\"2022-11-04T07:52:36+01:00\" class=\"wp-block-latest-posts__post-date\">4.11.2022<\/time><div class=\"wp-block-latest-posts__post-excerpt\">Auf www.remove.bg k\u00f6nnt ihr Hintergr\u00fcnde von euren Bildern (kostenlos) entfernen. Es gibt sogar Plugins f\u00fcr diverse Apps.<\/div><\/li>\n<li><div class=\"wp-block-latest-posts__featured-image alignleft\"><img loading=\"lazy\" decoding=\"async\" width=\"150\" height=\"150\" src=\"https:\/\/dieviereisenberger.duckdns.org\/wp-content\/uploads\/uBlock-Origins.png\" class=\"attachment-thumbnail size-thumbnail wp-post-image\" alt=\"\" style=\"max-width:75px;max-height:75px;\" \/><\/div><a class=\"wp-block-latest-posts__post-title\" href=\"https:\/\/dieviereisenberger.duckdns.org\/?p=1481\">Nervige Werbevideos blockieren<\/a><time datetime=\"2022-10-10T17:59:13+02:00\" class=\"wp-block-latest-posts__post-date\">10.10.2022<\/time><div class=\"wp-block-latest-posts__post-excerpt\">Gerade www.youtube.com spielt des \u00f6ftern nervige Werbevideos vor den eigentlichen Videos ein. Hierf\u00fcr gibt es f\u00fcr jeden Browser das Plugin &#8222;uBlock Origins&#8220;, welches diese Werbema\u00dfnahmen verhindert \/ blockiert. Einfach bei&hellip; <\/div><\/li>\n<li><div class=\"wp-block-latest-posts__featured-image alignleft\"><img loading=\"lazy\" decoding=\"async\" width=\"128\" height=\"128\" src=\"https:\/\/dieviereisenberger.duckdns.org\/wp-content\/uploads\/Coockies.jpg\" class=\"attachment-thumbnail size-thumbnail wp-post-image\" alt=\"\" style=\"max-width:75px;max-height:75px;\" \/><\/div><a class=\"wp-block-latest-posts__post-title\" href=\"https:\/\/dieviereisenberger.duckdns.org\/?p=1477\">Nervige Coockie-Abfragen blockieren<\/a><time datetime=\"2022-10-10T17:52:30+02:00\" class=\"wp-block-latest-posts__post-date\">10.10.2022<\/time><div class=\"wp-block-latest-posts__post-excerpt\">M\u00f6chtet ihr die nervige Coockie-Abfrage auf Webseiten loswerden? Dann einfach unter www.google.com die folgende Suche ausf\u00fchren: &#8222;i don&#8217;t care about cookies&#8220; (Google-Suche) Hier bekommt ihr nun f\u00fcr jeden gew\u00fcnschten Browser&hellip; <\/div><\/li>\n<li><div class=\"wp-block-latest-posts__featured-image alignleft\"><img loading=\"lazy\" decoding=\"async\" width=\"150\" height=\"54\" src=\"https:\/\/dieviereisenberger.duckdns.org\/wp-content\/uploads\/Oldgames.png\" class=\"attachment-thumbnail size-thumbnail wp-post-image\" alt=\"\" style=\"max-width:75px;max-height:75px;\" \/><\/div><a class=\"wp-block-latest-posts__post-title\" href=\"https:\/\/dieviereisenberger.duckdns.org\/?p=1470\">Webseite &#8222;Old Games Download&#8220;<\/a><time datetime=\"2022-10-03T16:41:18+02:00\" class=\"wp-block-latest-posts__post-date\">3.10.2022<\/time><div class=\"wp-block-latest-posts__post-excerpt\">Old Games Download ist eine Archiv-Website, die eine Datenbank mit Abandonware-Spielen aus den 70er, 80er, 90er und fr\u00fchen 00er Jahren bereitstellt. Sie k\u00f6nnen Hunderte von verlorenen Spielen aus Ihrer Kindheit&hellip; <\/div><\/li>\n<li><div class=\"wp-block-latest-posts__featured-image alignleft\"><img loading=\"lazy\" decoding=\"async\" width=\"150\" height=\"120\" src=\"https:\/\/dieviereisenberger.duckdns.org\/wp-content\/uploads\/glide.png\" class=\"attachment-thumbnail size-thumbnail wp-post-image\" alt=\"\" style=\"max-width:75px;max-height:75px;\" \/><\/div><a class=\"wp-block-latest-posts__post-title\" href=\"https:\/\/dieviereisenberger.duckdns.org\/?p=1444\">Webseite &#8222;Glide&#8220;<\/a><time datetime=\"2022-10-03T14:58:33+02:00\" class=\"wp-block-latest-posts__post-date\">3.10.2022<\/time><div class=\"wp-block-latest-posts__post-excerpt\">Glide erm\u00f6glicht es Apps &amp; Programme ohne Programmierkenntnise zu erstellen. Es funktioniert durch vorgefertigte Bl\u00f6cke via Drag&#8217;n&#8217;Drop-Prinzip.<\/div><\/li>\n<li><div class=\"wp-block-latest-posts__featured-image alignleft\"><img loading=\"lazy\" decoding=\"async\" width=\"150\" height=\"56\" src=\"https:\/\/dieviereisenberger.duckdns.org\/wp-content\/uploads\/Ninite.png\" class=\"attachment-thumbnail size-thumbnail wp-post-image\" alt=\"\" style=\"max-width:75px;max-height:75px;\" \/><\/div><a class=\"wp-block-latest-posts__post-title\" href=\"https:\/\/dieviereisenberger.duckdns.org\/?p=1434\">Webseite &#8222;Ninite&#8220;<\/a><time datetime=\"2022-10-03T13:56:38+02:00\" class=\"wp-block-latest-posts__post-date\">3.10.2022<\/time><div class=\"wp-block-latest-posts__post-excerpt\">Ninite-Webseite stellt dir einen Installer f\u00fcr n\u00fctzliche Programme zusammen. Dieser installiert dir alle Programme mit einmal und ohne Werbung.<\/div><\/li>\n<\/ul>","protected":false},"excerpt":{"rendered":"","protected":false},"author":1,"featured_media":0,"parent":42,"menu_order":3,"comment_status":"open","ping_status":"closed","template":"","meta":{"ngg_post_thumbnail":0,"footnotes":""},"class_list":["post-1453","page","type-page","status-publish","hentry"],"_links":{"self":[{"href":"https:\/\/dieviereisenberger.duckdns.org\/index.php?rest_route=\/wp\/v2\/pages\/1453","targetHints":{"allow":["GET"]}}],"collection":[{"href":"https:\/\/dieviereisenberger.duckdns.org\/index.php?rest_route=\/wp\/v2\/pages"}],"about":[{"href":"https:\/\/dieviereisenberger.duckdns.org\/index.php?rest_route=\/wp\/v2\/types\/page"}],"author":[{"embeddable":true,"href":"https:\/\/dieviereisenberger.duckdns.org\/index.php?rest_route=\/wp\/v2\/users\/1"}],"replies":[{"embeddable":true,"href":"https:\/\/dieviereisenberger.duckdns.org\/index.php?rest_route=%2Fwp%2Fv2%2Fcomments&post=1453"}],"version-history":[{"count":0,"href":"https:\/\/dieviereisenberger.duckdns.org\/index.php?rest_route=\/wp\/v2\/pages\/1453\/revisions"}],"up":[{"embeddable":true,"href":"https:\/\/dieviereisenberger.duckdns.org\/index.php?rest_route=\/wp\/v2\/pages\/42"}],"wp:attachment":[{"href":"https:\/\/dieviereisenberger.duckdns.org\/index.php?rest_route=%2Fwp%2Fv2%2Fmedia&parent=1453"}],"curies":[{"name":"wp","href":"https:\/\/api.w.org\/{rel}","templated":true}]}}